{"id":302,"date":"2024-11-06T12:37:48","date_gmt":"2024-11-06T11:37:48","guid":{"rendered":"https:\/\/inkorcursospruebas.com\/janeth\/wordpress\/?page_id=302"},"modified":"2024-11-06T19:57:40","modified_gmt":"2024-11-06T18:57:40","slug":"taller-programa-tu-ano-2025","status":"publish","type":"page","link":"http:\/\/inkorcursospruebas.com\/janeth\/wordpress\/taller-programa-tu-ano-2025\/","title":{"rendered":"Taller Programa tu a\u00f1o 2025"},"content":{"rendered":"\n<h2 class=\"wp-block-heading\">Descripci\u00f3n<\/h2>\n\n\n\n<p>Es un taller en el que encontrar\u00e1s las herramientas f\u00e1ciles y que las tenemos a la mano para ser usadas en el d\u00eda a d\u00eda aportando a tu vida la toma de consciencia de tu vivir diario. Actuando como un verdadero generador de tu realidad.<\/p>\n\n\n\n<h2 class=\"wp-block-heading\">Objetivo<\/h2>\n\n\n\n<p>Dise\u00f1a tu a\u00f1o 2025 para obtener d\u00edas m\u00e1s agradables y deseados. Con las bases y ejemplos que te doy lograras realizar una programaci\u00f3n que sea de tu satisfacci\u00f3n en obtener los resultados esperados. Sabr\u00e1s con claridad como funcionan los elementos y porqu\u00e9.<\/p>\n\n\n\n<h2 class=\"wp-block-heading\">Duraci\u00f3n <\/h2>\n\n\n\n<p>La forma de asistir  al taller es en vivo a trav\u00e9s de zoom, es decir, on-line, con una duraci\u00f3n de una hora y media, tiempo suficiente para entregarte todas las indicaciones para aflorar desde tu mejor versi\u00f3n las proposiciones requeridas para utilizar desde tu comodidad y desde tu esencia de ser.<\/p>\n\n\n\n<h2 class=\"wp-block-heading\">Aporte y Reserva<\/h2>\n\n\n\n<p>Aporte de 15 \u20ac euros. Comunicate a mi whatsapp para m\u00e1s detalles.<\/p>\n\n\n\n<p>Si estas en los siguientes pa\u00edses: Venezuela, Per\u00fa, EEUU, M\u00e9xico y Espa\u00f1a,; te ser\u00e1 muy f\u00e1cil hacer el pago, preg\u00fantame c\u00f3mo.<\/p>\n\n\n\n<p><\/p>\n","protected":false},"excerpt":{"rendered":"<p>Descripci\u00f3n Es un taller en el que encontrar\u00e1s las herramientas f\u00e1ciles y que las tenemos a la mano para ser usadas en el d\u00eda a d\u00eda aportando a tu vida la toma de consciencia de tu vivir diario. Actuando como un verdadero generador de tu realidad. Objetivo Dise\u00f1a tu a\u00f1o 2025 para obtener d\u00edas m\u00e1s<br \/><a class=\"btn btn-tislider blog-readmore\" href=\"http:\/\/inkorcursospruebas.com\/janeth\/wordpress\/taller-programa-tu-ano-2025\/\">Leer m\u00e1s<\/a><\/p>\n","protected":false},"author":1,"featured_media":0,"parent":0,"menu_order":0,"comment_status":"closed","ping_status":"closed","template":"","meta":{"footnotes":""},"class_list":["post-302","page","type-page","status-publish","hentry"],"_links":{"self":[{"href":"http:\/\/inkorcursospruebas.com\/janeth\/wordpress\/wp-json\/wp\/v2\/pages\/302","targetHints":{"allow":["GET"]}}],"collection":[{"href":"http:\/\/inkorcursospruebas.com\/janeth\/wordpress\/wp-json\/wp\/v2\/pages"}],"about":[{"href":"http:\/\/inkorcursospruebas.com\/janeth\/wordpress\/wp-json\/wp\/v2\/types\/page"}],"author":[{"embeddable":true,"href":"http:\/\/inkorcursospruebas.com\/janeth\/wordpress\/wp-json\/wp\/v2\/users\/1"}],"replies":[{"embeddable":true,"href":"http:\/\/inkorcursospruebas.com\/janeth\/wordpress\/wp-json\/wp\/v2\/comments?post=302"}],"version-history":[{"count":8,"href":"http:\/\/inkorcursospruebas.com\/janeth\/wordpress\/wp-json\/wp\/v2\/pages\/302\/revisions"}],"predecessor-version":[{"id":322,"href":"http:\/\/inkorcursospruebas.com\/janeth\/wordpress\/wp-json\/wp\/v2\/pages\/302\/revisions\/322"}],"wp:attachment":[{"href":"http:\/\/inkorcursospruebas.com\/janeth\/wordpress\/wp-json\/wp\/v2\/media?parent=302"}],"curies":[{"name":"wp","href":"https:\/\/api.w.org\/{rel}","templated":true}]}}