{"id":323,"date":"2024-11-07T13:48:02","date_gmt":"2024-11-07T12:48:02","guid":{"rendered":"https:\/\/inkorcursospruebas.com\/janeth\/wordpress\/?page_id=323"},"modified":"2024-11-07T14:35:05","modified_gmt":"2024-11-07T13:35:05","slug":"acompanamiento-bio-emocional","status":"publish","type":"page","link":"http:\/\/inkorcursospruebas.com\/janeth\/wordpress\/acompanamiento-bio-emocional\/","title":{"rendered":"Acompa\u00f1amiento Bio-Emocional"},"content":{"rendered":"\n<h2 class=\"wp-block-heading\">Terapia<\/h2>\n\n\n\n<p>Con una sesi\u00f3n de acompa\u00f1amiento. La herramienta utilizada en cada sesi\u00f3n de acompa\u00f1amiento bio-emocional es la Bioneuroemoci\u00f3n junto con la reimpronta. Tiene como principio el que cada persona tiene dentro de si toda la informaci\u00f3n de su clan familiar. Cada persona contiene en sus memorias celulares la informaci\u00f3n de las historias que sus ancestros han vivido. Ya esta cient\u00edficamente demostrado que la informaci\u00f3n que se ha quedado guardada en el subconsciente ante un evento se puede modificar en el presente. <\/p>\n\n\n\n<h2 class=\"wp-block-heading\">Metodolog\u00eda<\/h2>\n\n\n\n<p>La manera es guiar al consultante desde su momento y situaci\u00f3n actual hasta la edad o hasta el ancestro que paso por esa situaci\u00f3n de dificultad en la que se qued\u00f3 grabada la memoria de una emoci\u00f3n que genera una creencia poco favorable.<\/p>\n\n\n\n<h2 class=\"wp-block-heading\">Para qui\u00e9nes <\/h2>\n\n\n\n<p>La persona que est\u00e1 pasando por una situaci\u00f3n de ansiedad o estr\u00e9s y esto le ocasiona par\u00e1lisis o incomodidad ante avance en cualquier \u00e1mbito de su vida. Incluso si su d\u00eda a d\u00eda est\u00e1 siendo dif\u00edcil de vivir por el miedo a avanzar. En una sesi\u00f3n se va a desvelar y resignificar la situaci\u00f3n en la que se ha generado esa emoci\u00f3n y creencia. Vas a tener una informaci\u00f3n en tu subconsciente que te da la tranquilidad de actuar con una mirada diferente ante lo que tienes frente a ti referido a la situaci\u00f3n inicial  .<\/p>\n\n\n\n<h2 class=\"wp-block-heading\">Qu\u00e9 obtienes<\/h2>\n\n\n\n<p> Adquieres una actitud ante la vida que ser\u00e1 de confiar m\u00e1s en ti mismo\/misma para vivirla desde la tranquilidad y la certeza de que eres capaz de atender y sentirte con una emoci\u00f3n que te da la una perspectiva m\u00e1s amplia para actuar ante esa situaci\u00f3n en el presente.<\/p>\n\n\n\n<h2 class=\"wp-block-heading\">Duraci\u00f3n<\/h2>\n\n\n\n<p>Una  sesi\u00f3n de acompa\u00f1amiento tiene una duraci\u00f3n desde los sesenta minutos hasta los ciento cincuenta minutos, de acuerdo a la situaci\u00f3n que se presente.<\/p>\n\n\n\n<h2 class=\"wp-block-heading\">Modalidad<\/h2>\n\n\n\n<p>El acompa\u00f1amiento se realiza bien por v\u00eda zoom o de forma presencial, utilizando un motivo de consulta que es el punto de partida para indagar en el momento anterior en tu vida en que \u00e9sta el momento semilla de la situaci\u00f3n actual.<\/p>\n\n\n\n<p>Estoy acompa\u00f1\u00e1ndote, guiandote y pendiente de cada una de tus reacciones y respuestas a mi gu\u00eda en un estado de relajaci\u00f3n que te permite transitar por las situaciones que nos permiten llegar a la que ser\u00e1 la que permite darle un significado diferente.<\/p>\n\n\n\n<p><\/p>\n","protected":false},"excerpt":{"rendered":"<p>Terapia Con una sesi\u00f3n de acompa\u00f1amiento. La herramienta utilizada en cada sesi\u00f3n de acompa\u00f1amiento bio-emocional es la Bioneuroemoci\u00f3n junto con la reimpronta. Tiene como principio el que cada persona tiene dentro de si toda la informaci\u00f3n de su clan familiar. Cada persona contiene en sus memorias celulares la informaci\u00f3n de las historias que sus ancestros<br \/><a class=\"btn btn-tislider blog-readmore\" href=\"http:\/\/inkorcursospruebas.com\/janeth\/wordpress\/acompanamiento-bio-emocional\/\">Leer m\u00e1s<\/a><\/p>\n","protected":false},"author":1,"featured_media":0,"parent":0,"menu_order":0,"comment_status":"closed","ping_status":"closed","template":"","meta":{"footnotes":""},"class_list":["post-323","page","type-page","status-publish","hentry"],"_links":{"self":[{"href":"http:\/\/inkorcursospruebas.com\/janeth\/wordpress\/wp-json\/wp\/v2\/pages\/323","targetHints":{"allow":["GET"]}}],"collection":[{"href":"http:\/\/inkorcursospruebas.com\/janeth\/wordpress\/wp-json\/wp\/v2\/pages"}],"about":[{"href":"http:\/\/inkorcursospruebas.com\/janeth\/wordpress\/wp-json\/wp\/v2\/types\/page"}],"author":[{"embeddable":true,"href":"http:\/\/inkorcursospruebas.com\/janeth\/wordpress\/wp-json\/wp\/v2\/users\/1"}],"replies":[{"embeddable":true,"href":"http:\/\/inkorcursospruebas.com\/janeth\/wordpress\/wp-json\/wp\/v2\/comments?post=323"}],"version-history":[{"count":5,"href":"http:\/\/inkorcursospruebas.com\/janeth\/wordpress\/wp-json\/wp\/v2\/pages\/323\/revisions"}],"predecessor-version":[{"id":378,"href":"http:\/\/inkorcursospruebas.com\/janeth\/wordpress\/wp-json\/wp\/v2\/pages\/323\/revisions\/378"}],"wp:attachment":[{"href":"http:\/\/inkorcursospruebas.com\/janeth\/wordpress\/wp-json\/wp\/v2\/media?parent=323"}],"curies":[{"name":"wp","href":"https:\/\/api.w.org\/{rel}","templated":true}]}}