{"id":74,"date":"2024-10-15T14:49:06","date_gmt":"2024-10-15T12:49:06","guid":{"rendered":"https:\/\/inkorcursospruebas.com\/janeth\/wordpress\/?page_id=74"},"modified":"2024-11-07T15:02:04","modified_gmt":"2024-11-07T14:02:04","slug":"quien-soy","status":"publish","type":"page","link":"http:\/\/inkorcursospruebas.com\/janeth\/wordpress\/quien-soy\/","title":{"rendered":"Qui\u00e9n Soy?"},"content":{"rendered":"\n<h2 class=\"wp-block-heading alignwide\"><em>Janeth Umbr\u00eda<\/em><\/h2>\n\n\n\n<blockquote class=\"wp-block-quote is-layout-flow wp-block-quote-is-layout-flow\">\n<p>\u00abS\u00ed tienes el para qu\u00e9 encontrar\u00e1s el c\u00f3mo\u00bb.<\/p>\n<\/blockquote>\n\n\n\n<div class=\"wp-block-group\"><div class=\"wp-block-group__inner-container is-layout-constrained wp-block-group-is-layout-constrained\">\n<p>Me he preparado como terapeuta empec\u00e9 con thetahealing, luego Grafolog\u00eda, Bioneuroemoci\u00f3n, Reimpronta, y cursos afines a mi crecimiento personal, esto por la parte emocional.<\/p>\n\n\n\n<p>Creo que desde peque\u00f1a me gusta diferenciarme, me gusta ser Yo misma, aunque no quiere decir que siempre tengo todo claro y sepa para d\u00f3nde y por d\u00f3nde. Lo m\u00e1s claro en mi vida es ser productiva es estar en movimiento, levantarme temprano, hacer cosas.<\/p>\n\n\n\n<p>A lo largo de mi vida y desde ni\u00f1a he experimentado la decisi\u00f3n de no ingerir medicamentos ante una situaci\u00f3n de desarmon\u00eda en mi cuerpo y a su sustituci\u00f3n he ido  practicando la ingesta de plantas medicinales, en mi creencia interna y siempre digo que vengo as\u00ed de serie, es decir, de nacimiento mi posici\u00f3n es la de tomar remedios caseros con las plantas. <\/p>\n\n\n\n<p>He buscado dentro de m\u00ed ser el actuar con amor y sintiendo que todos somos capaces de lograr lo que nos propongamos, confieso que el ruido mental interno me ha hecho dejar de creer en mi en muchos momentos. esto no me detiene a Seguir actuado desde la amorosidad, como a todos los que les ocurre yo tambi\u00e9n he tenido muchas situaciones en las que mi sentir ha sido de sentirme decepcionada y hasta defraudada por mi misma y por las personas cercanas a m\u00ed.<\/p>\n\n\n\n<p>A d\u00eda de hoy Yo Soy una persona tan igual a cualquier otra en busca cada d\u00eda de mi mejor versi\u00f3n, desde hace a\u00f1os tengo claro que quiero y deseo de coraz\u00f3n aportar mi grano de arena en su crecimiento personal a las personas que tengan a bien resonar con mi aporte. Actividad que vengo realizando desde que estaba en la industria de bebidas funcionales.<\/p>\n\n\n\n<p>Me he formado como terapeuta corporal masajes de reflexolog\u00eda podal y de la mano, drenaje linf\u00e1tico, masajes descontracturante, relajante, geoterapia y masaje Californiano.<span id=\"dots\">&#8230;<\/span><\/p>\n<\/div><\/div>\n\n\n\n<div id=\"more\" class=\"wp-block-group\"><div class=\"wp-block-group__inner-container is-layout-constrained wp-block-group-is-layout-constrained\">\n<p>Mi carrera profesional en la industria productiva ha sido como qu\u00edmico y Farmac\u00e9utica, estos son mis estudios universitarios.<\/p>\n\n\n\n<p>Defino mi actividad laboral actualmente como Terapeuta Bio-Emocional<\/p>\n\n\n\n<p>Me gusta realizar creaciones manuales como la bisuter\u00eda, la costura y la pintura; los cuales los hago en muchas ocasiones y pongo a la disposici\u00f3n de quien les guste y los requiera.<\/p>\n\n\n\n<p>Quienes me conocen saben lo mucho que me aplico cuando me propongo algo.<\/p>\n<\/div><\/div>\n\n\n\n<button onclick=\"leerMas()\" id=\"boton-leer\">Read more<\/button>\n\n\n\n<p><\/p>\n","protected":false},"excerpt":{"rendered":"<p>Janeth Umbr\u00eda \u00abS\u00ed tienes el para qu\u00e9 encontrar\u00e1s el c\u00f3mo\u00bb. Me he preparado como terapeuta empec\u00e9 con thetahealing, luego Grafolog\u00eda, Bioneuroemoci\u00f3n, Reimpronta, y cursos afines a mi crecimiento personal, esto por la parte emocional. Creo que desde peque\u00f1a me gusta diferenciarme, me gusta ser Yo misma, aunque no quiere decir que siempre tengo todo claro<br \/><a class=\"btn btn-tislider blog-readmore\" href=\"http:\/\/inkorcursospruebas.com\/janeth\/wordpress\/quien-soy\/\">Leer m\u00e1s<\/a><\/p>\n","protected":false},"author":1,"featured_media":0,"parent":0,"menu_order":0,"comment_status":"closed","ping_status":"closed","template":"","meta":{"footnotes":""},"class_list":["post-74","page","type-page","status-publish","hentry"],"_links":{"self":[{"href":"http:\/\/inkorcursospruebas.com\/janeth\/wordpress\/wp-json\/wp\/v2\/pages\/74","targetHints":{"allow":["GET"]}}],"collection":[{"href":"http:\/\/inkorcursospruebas.com\/janeth\/wordpress\/wp-json\/wp\/v2\/pages"}],"about":[{"href":"http:\/\/inkorcursospruebas.com\/janeth\/wordpress\/wp-json\/wp\/v2\/types\/page"}],"author":[{"embeddable":true,"href":"http:\/\/inkorcursospruebas.com\/janeth\/wordpress\/wp-json\/wp\/v2\/users\/1"}],"replies":[{"embeddable":true,"href":"http:\/\/inkorcursospruebas.com\/janeth\/wordpress\/wp-json\/wp\/v2\/comments?post=74"}],"version-history":[{"count":19,"href":"http:\/\/inkorcursospruebas.com\/janeth\/wordpress\/wp-json\/wp\/v2\/pages\/74\/revisions"}],"predecessor-version":[{"id":372,"href":"http:\/\/inkorcursospruebas.com\/janeth\/wordpress\/wp-json\/wp\/v2\/pages\/74\/revisions\/372"}],"wp:attachment":[{"href":"http:\/\/inkorcursospruebas.com\/janeth\/wordpress\/wp-json\/wp\/v2\/media?parent=74"}],"curies":[{"name":"wp","href":"https:\/\/api.w.org\/{rel}","templated":true}]}}